{"id":13139,"date":"2024-04-04T08:52:51","date_gmt":"2024-04-04T07:52:51","guid":{"rendered":"https:\/\/babelgroup.com\/politica-de-cookies\/"},"modified":"2026-04-11T12:35:34","modified_gmt":"2026-04-11T11:35:34","slug":"politica-de-cookies","status":"publish","type":"page","link":"https:\/\/babelgroup.com\/fr\/politica-de-cookies\/","title":{"rendered":"Politica-de-cookies"},"content":{"rendered":"\t\t<div data-elementor-type=\"wp-page\" data-elementor-id=\"13139\" class=\"elementor elementor-13139 elementor-9495\" data-elementor-post-type=\"page\">\n\t\t\t\t\t\t<section class=\"elementor-section elementor-top-section elementor-element elementor-element-4adc0f2 elementor-section-boxed elementor-section-height-default elementor-section-height-default\" data-id=\"4adc0f2\" data-element_type=\"section\" data-e-type=\"section\">\n\t\t\t\t\t\t<div class=\"elementor-container elementor-column-gap-default\">\n\t\t\t\t\t<div class=\"elementor-column elementor-col-100 elementor-top-column elementor-element elementor-element-7a1b50f\" data-id=\"7a1b50f\" data-element_type=\"column\" data-e-type=\"column\">\n\t\t\t<div class=\"elementor-widget-wrap elementor-element-populated\">\n\t\t\t\t\t\t<div class=\"elementor-element elementor-element-f7ddd78 animated-slow elementor-invisible elementor-widget elementor-widget-heading\" data-id=\"f7ddd78\" data-element_type=\"widget\" data-e-type=\"widget\" data-settings=\"{&quot;_animation&quot;:&quot;fadeIn&quot;,&quot;_animation_tablet&quot;:&quot;none&quot;}\" data-widget_type=\"heading.default\">\n\t\t\t\t<div class=\"elementor-widget-container\">\n\t\t\t\t\t<h1 class=\"elementor-heading-title elementor-size-default\">Cookies Policy\n<\/h1>\t\t\t\t<\/div>\n\t\t\t\t<\/div>\n\t\t\t\t<div class=\"elementor-element elementor-element-dcf9339 elementor-widget elementor-widget-spacer\" data-id=\"dcf9339\" data-element_type=\"widget\" data-e-type=\"widget\" data-widget_type=\"spacer.default\">\n\t\t\t\t<div class=\"elementor-widget-container\">\n\t\t\t\t\t\t\t<div class=\"elementor-spacer\">\n\t\t\t<div class=\"elementor-spacer-inner\"><\/div>\n\t\t<\/div>\n\t\t\t\t\t\t<\/div>\n\t\t\t\t<\/div>\n\t\t\t\t\t<\/div>\n\t\t<\/div>\n\t\t\t\t\t<\/div>\n\t\t<\/section>\n\t\t\t\t<section class=\"elementor-section elementor-top-section elementor-element elementor-element-52b9fb33 elementor-section-boxed elementor-section-height-default elementor-section-height-default\" data-id=\"52b9fb33\" data-element_type=\"section\" data-e-type=\"section\">\n\t\t\t\t\t\t<div class=\"elementor-container elementor-column-gap-no\">\n\t\t\t\t\t<div class=\"elementor-column elementor-col-100 elementor-top-column elementor-element elementor-element-c59c662\" data-id=\"c59c662\" data-element_type=\"column\" data-e-type=\"column\">\n\t\t\t<div class=\"elementor-widget-wrap elementor-element-populated\">\n\t\t\t\t\t\t<div class=\"vamtam-has-theme-widget-styles elementor-element elementor-element-a24bcbd elementor-widget__width-initial elementor-widget elementor-widget-text-editor\" data-id=\"a24bcbd\" data-element_type=\"widget\" data-e-type=\"widget\" data-widget_type=\"text-editor.default\">\n\t\t\t\t<div class=\"elementor-widget-container\">\n\t\t\t\t\t\t\t\t\t<div id=\"cookiefirst-policy-page\"><\/div> <div>Cette d\u00e9claration de cookie a \u00e9t\u00e9 cr\u00e9\u00e9e et mise \u00e0 jour par <a href=\"https:\/\/cookiefirst.com\/fr\/cookie-consent\/\" target=\"_blank\" rel=\"noopener\">Cookie Consent Tool &#8211; CookieFirst<\/a>.<\/div>\t\t\t\t\t\t\t\t<\/div>\n\t\t\t\t<\/div>\n\t\t\t\t\t<\/div>\n\t\t<\/div>\n\t\t\t\t\t<\/div>\n\t\t<\/section>\n\t\t\t\t<\/div>\n\t\t","protected":false},"excerpt":{"rendered":"<p>Cookies Policy Cette d\u00e9claration de cookie a \u00e9t\u00e9 cr\u00e9\u00e9e et mise \u00e0 jour par Cookie Consent Tool &#8211; CookieFirst.<\/p>\n","protected":false},"author":4,"featured_media":0,"parent":0,"menu_order":0,"comment_status":"closed","ping_status":"closed","template":"","meta":{"_acf_changed":false,"inline_featured_image":false,"footnotes":""},"class_list":["post-13139","page","type-page","status-publish","hentry"],"acf":[],"_links":{"self":[{"href":"https:\/\/babelgroup.com\/fr\/wp-json\/wp\/v2\/pages\/13139","targetHints":{"allow":["GET"]}}],"collection":[{"href":"https:\/\/babelgroup.com\/fr\/wp-json\/wp\/v2\/pages"}],"about":[{"href":"https:\/\/babelgroup.com\/fr\/wp-json\/wp\/v2\/types\/page"}],"author":[{"embeddable":true,"href":"https:\/\/babelgroup.com\/fr\/wp-json\/wp\/v2\/users\/4"}],"replies":[{"embeddable":true,"href":"https:\/\/babelgroup.com\/fr\/wp-json\/wp\/v2\/comments?post=13139"}],"version-history":[{"count":15,"href":"https:\/\/babelgroup.com\/fr\/wp-json\/wp\/v2\/pages\/13139\/revisions"}],"predecessor-version":[{"id":990593,"href":"https:\/\/babelgroup.com\/fr\/wp-json\/wp\/v2\/pages\/13139\/revisions\/990593"}],"wp:attachment":[{"href":"https:\/\/babelgroup.com\/fr\/wp-json\/wp\/v2\/media?parent=13139"}],"curies":[{"name":"wp","href":"https:\/\/api.w.org\/{rel}","templated":true}]}}